{"id":1227,"date":"2023-12-12T16:52:16","date_gmt":"2023-12-12T15:52:16","guid":{"rendered":"http:\/\/gonnxhm.cluster028.hosting.ovh.net\/?page_id=1227"},"modified":"2024-01-29T11:49:26","modified_gmt":"2024-01-29T10:49:26","slug":"mission-complete","status":"publish","type":"page","link":"https:\/\/www.sophie-proust.fr\/index.php\/mission-complete\/","title":{"rendered":"Mission compl\u00e8te"},"content":{"rendered":"<div class=\"fusion-fullwidth fullwidth-box fusion-builder-row-1 fusion-flex-container has-pattern-background has-mask-background nonhundred-percent-fullwidth non-hundred-percent-height-scrolling\" style=\"--awb-border-radius-top-left:0px;--awb-border-radius-top-right:0px;--awb-border-radius-bottom-right:0px;--awb-border-radius-bottom-left:0px;--awb-flex-wrap:wrap;\" ><div class=\"fusion-builder-row fusion-row fusion-flex-align-items-flex-start fusion-flex-justify-content-center fusion-flex-content-wrap\" style=\"max-width:1216.8px;margin-left: calc(-4% \/ 2 );margin-right: calc(-4% \/ 2 );\"><div class=\"fusion-layout-column fusion_builder_column fusion-builder-column-0 fusion_builder_column_2_3 2_3 fusion-flex-column\" style=\"--awb-bg-size:cover;--awb-width-large:66.666666666667%;--awb-margin-top-large:0px;--awb-spacing-right-large:2.88%;--awb-margin-bottom-large:0px;--awb-spacing-left-large:2.88%;--awb-width-medium:100%;--awb-order-medium:0;--awb-spacing-right-medium:1.92%;--awb-spacing-left-medium:1.92%;--awb-width-small:100%;--awb-order-small:0;--awb-spacing-right-small:1.92%;--awb-spacing-left-small:1.92%;\" data-scroll-devices=\"small-visibility,medium-visibility,large-visibility\"><div class=\"fusion-column-wrapper fusion-column-has-shadow fusion-flex-justify-content-flex-start fusion-content-layout-column\"><div class=\"fusion-text fusion-text-1\"><p>La formule mission compl\u00e8te est particuli\u00e8rement adapt\u00e9e pour les professionnels ou pour les particuliers qui ont l&rsquo;habitude de faire intervenir des architectes.<\/p>\n<p>Vous recherchez une architecte d&rsquo;int\u00e9rieur pour s&rsquo;occuper de votre projet, prendre en main l&rsquo;ensemble de la r\u00e9novation ou de l&rsquo;am\u00e9nagement de votre espace professionnel (boutique, restaurant, cabinet m\u00e9dical).<\/p>\n<h3>Les principales \u00e9tapes :<\/h3>\n<ul>\n<li>Premi\u00e8re rencontre<\/li>\n<li>Etude d\u2019esquisses pr\u00e9alables<\/li>\n<li>Avant-projet<\/li>\n<li>Projet de conception g\u00e9n\u00e9rale<\/li>\n<li>Assistance march\u00e9 travaux<\/li>\n<li>Contr\u00f4le et comptabilit\u00e9 des travaux<\/li>\n<li>R\u00e9ception de chantier, cl\u00e9s en main<\/li>\n<\/ul>\n<h2><\/h2>\n<\/div><\/div><\/div><div class=\"fusion-layout-column fusion_builder_column fusion-builder-column-1 fusion_builder_column_2_3 2_3 fusion-flex-column fusion-flex-align-self-center\" style=\"--awb-bg-color:var(--awb-color4);--awb-bg-color-hover:var(--awb-color4);--awb-bg-size:cover;--awb-width-large:66.666666666667%;--awb-margin-top-large:0px;--awb-spacing-right-large:2.88%;--awb-margin-bottom-large:0px;--awb-spacing-left-large:2.88%;--awb-width-medium:100%;--awb-order-medium:0;--awb-spacing-right-medium:1.92%;--awb-spacing-left-medium:1.92%;--awb-width-small:100%;--awb-order-small:0;--awb-spacing-right-small:1.92%;--awb-spacing-left-small:1.92%;\" data-scroll-devices=\"small-visibility,medium-visibility,large-visibility\"><div class=\"fusion-column-wrapper fusion-column-has-shadow fusion-flex-justify-content-center fusion-content-layout-column\"><div class=\"fusion-image-element \" style=\"text-align:center;--awb-margin-top:20px;--awb-margin-right:20px;--awb-margin-bottom:20px;--awb-margin-left:20px;--awb-max-width:500px;--awb-caption-title-font-family:var(--h2_typography-font-family);--awb-caption-title-font-weight:var(--h2_typography-font-weight);--awb-caption-title-font-style:var(--h2_typography-font-style);--awb-caption-title-size:var(--h2_typography-font-size);--awb-caption-title-transform:var(--h2_typography-text-transform);--awb-caption-title-line-height:var(--h2_typography-line-height);--awb-caption-title-letter-spacing:var(--h2_typography-letter-spacing);\"><span class=\" fusion-imageframe imageframe-none imageframe-1 hover-type-none\"><img decoding=\"async\" width=\"1500\" height=\"2136\" title=\"Sophie_Proust_-_Graphique_de\u0301roule\u0301_v03_HD\" src=\"https:\/\/www.sophie-proust.fr\/wp-content\/uploads\/2023\/11\/Sophie_Proust_-_Graphique_deroule_v03_HD.png\" data-orig-src=\"https:\/\/www.sophie-proust.fr\/wp-content\/uploads\/2023\/11\/Sophie_Proust_-_Graphique_deroule_v03_HD.png\" alt class=\"lazyload img-responsive wp-image-1095\" srcset=\"data:image\/svg+xml,%3Csvg%20xmlns%3D%27http%3A%2F%2Fwww.w3.org%2F2000%2Fsvg%27%20width%3D%271500%27%20height%3D%272136%27%20viewBox%3D%270%200%201500%202136%27%3E%3Crect%20width%3D%271500%27%20height%3D%272136%27%20fill-opacity%3D%220%22%2F%3E%3C%2Fsvg%3E\" data-srcset=\"https:\/\/www.sophie-proust.fr\/wp-content\/uploads\/2023\/11\/Sophie_Proust_-_Graphique_deroule_v03_HD-200x285.png 200w, https:\/\/www.sophie-proust.fr\/wp-content\/uploads\/2023\/11\/Sophie_Proust_-_Graphique_deroule_v03_HD-400x570.png 400w, https:\/\/www.sophie-proust.fr\/wp-content\/uploads\/2023\/11\/Sophie_Proust_-_Graphique_deroule_v03_HD-600x854.png 600w, https:\/\/www.sophie-proust.fr\/wp-content\/uploads\/2023\/11\/Sophie_Proust_-_Graphique_deroule_v03_HD-800x1139.png 800w, https:\/\/www.sophie-proust.fr\/wp-content\/uploads\/2023\/11\/Sophie_Proust_-_Graphique_deroule_v03_HD-1200x1709.png 1200w, https:\/\/www.sophie-proust.fr\/wp-content\/uploads\/2023\/11\/Sophie_Proust_-_Graphique_deroule_v03_HD.png 1500w\" data-sizes=\"auto\" data-orig-sizes=\"(max-width: 1023px) 100vw, (max-width: 640px) 100vw, 800px\" \/><\/span><\/div><\/div><\/div><div class=\"fusion-layout-column fusion_builder_column fusion-builder-column-2 fusion_builder_column_2_3 2_3 fusion-flex-column\" style=\"--awb-bg-size:cover;--awb-width-large:66.666666666667%;--awb-margin-top-large:80px;--awb-spacing-right-large:2.88%;--awb-margin-bottom-large:20px;--awb-spacing-left-large:2.88%;--awb-width-medium:100%;--awb-order-medium:0;--awb-spacing-right-medium:1.92%;--awb-spacing-left-medium:1.92%;--awb-width-small:100%;--awb-order-small:0;--awb-spacing-right-small:1.92%;--awb-spacing-left-small:1.92%;\" data-scroll-devices=\"small-visibility,medium-visibility,large-visibility\"><div class=\"fusion-column-wrapper fusion-column-has-shadow fusion-flex-justify-content-flex-start fusion-content-layout-column\"><div class=\"fusion-text fusion-text-2\"><h3>Prise de rendez-vous<\/h3>\n<p>Pour commencer une mission compl\u00e8te, rencontrons-nous afin de planifier la conception et la r\u00e9alisation votre projet.<\/p>\n<\/div><div ><a class=\"fusion-button button-flat fusion-button-default-size button-default fusion-button-default button-1 fusion-button-default-span fusion-button-default-type\" style=\"width:calc(100%);\" target=\"_self\" href=\"https:\/\/www.sophie-proust.fr\/index.php\/contact\/\"><span class=\"fusion-button-text awb-button__text awb-button__text--default\">Contact et rendez-vous<\/span><i class=\"fa-angle-right fas awb-button__icon awb-button__icon--default button-icon-right\" aria-hidden=\"true\"><\/i><\/a><\/div><\/div><\/div><\/div><\/div>\n","protected":false},"excerpt":{"rendered":"","protected":false},"author":1,"featured_media":0,"parent":0,"menu_order":0,"comment_status":"closed","ping_status":"closed","template":"","meta":{"footnotes":""},"class_list":["post-1227","page","type-page","status-publish","hentry"],"yoast_head":"<!-- This site is optimized with the Yoast SEO plugin v26.6 - https:\/\/yoast.com\/wordpress\/plugins\/seo\/ -->\n<title>Mission compl\u00e8te - Sophie Proust<\/title>\n<meta name=\"robots\" content=\"index, follow, max-snippet:-1, max-image-preview:large, max-video-preview:-1\" \/>\n<link rel=\"canonical\" href=\"https:\/\/www.sophie-proust.fr\/index.php\/mission-complete\/\" \/>\n<meta property=\"og:locale\" content=\"fr_FR\" \/>\n<meta property=\"og:type\" content=\"article\" \/>\n<meta property=\"og:title\" content=\"Mission compl\u00e8te - Sophie Proust\" \/>\n<meta property=\"og:url\" content=\"https:\/\/www.sophie-proust.fr\/index.php\/mission-complete\/\" \/>\n<meta property=\"og:site_name\" content=\"Sophie Proust\" \/>\n<meta property=\"article:modified_time\" content=\"2024-01-29T10:49:26+00:00\" \/>\n<meta name=\"twitter:card\" content=\"summary_large_image\" \/>\n<meta name=\"twitter:label1\" content=\"Dur\u00e9e de lecture estim\u00e9e\" \/>\n\t<meta name=\"twitter:data1\" content=\"14 minutes\" \/>\n<script type=\"application\/ld+json\" class=\"yoast-schema-graph\">{\"@context\":\"https:\/\/schema.org\",\"@graph\":[{\"@type\":\"WebPage\",\"@id\":\"https:\/\/www.sophie-proust.fr\/index.php\/mission-complete\/\",\"url\":\"https:\/\/www.sophie-proust.fr\/index.php\/mission-complete\/\",\"name\":\"Mission compl\u00e8te - Sophie Proust\",\"isPartOf\":{\"@id\":\"https:\/\/www.sophie-proust.fr\/#website\"},\"datePublished\":\"2023-12-12T15:52:16+00:00\",\"dateModified\":\"2024-01-29T10:49:26+00:00\",\"breadcrumb\":{\"@id\":\"https:\/\/www.sophie-proust.fr\/index.php\/mission-complete\/#breadcrumb\"},\"inLanguage\":\"fr-FR\",\"potentialAction\":[{\"@type\":\"ReadAction\",\"target\":[\"https:\/\/www.sophie-proust.fr\/index.php\/mission-complete\/\"]}]},{\"@type\":\"BreadcrumbList\",\"@id\":\"https:\/\/www.sophie-proust.fr\/index.php\/mission-complete\/#breadcrumb\",\"itemListElement\":[{\"@type\":\"ListItem\",\"position\":1,\"name\":\"Accueil\",\"item\":\"https:\/\/www.sophie-proust.fr\/\"},{\"@type\":\"ListItem\",\"position\":2,\"name\":\"Mission compl\u00e8te\"}]},{\"@type\":\"WebSite\",\"@id\":\"https:\/\/www.sophie-proust.fr\/#website\",\"url\":\"https:\/\/www.sophie-proust.fr\/\",\"name\":\"Sophie Proust\",\"description\":\"architecte d&#039;int\u00e9rieur - Angoul\u00eame, Cognac, Charente\",\"publisher\":{\"@id\":\"https:\/\/www.sophie-proust.fr\/#\/schema\/person\/725ce2d6dd2074103a0d758c5a090eda\"},\"potentialAction\":[{\"@type\":\"SearchAction\",\"target\":{\"@type\":\"EntryPoint\",\"urlTemplate\":\"https:\/\/www.sophie-proust.fr\/?s={search_term_string}\"},\"query-input\":{\"@type\":\"PropertyValueSpecification\",\"valueRequired\":true,\"valueName\":\"search_term_string\"}}],\"inLanguage\":\"fr-FR\"},{\"@type\":[\"Person\",\"Organization\"],\"@id\":\"https:\/\/www.sophie-proust.fr\/#\/schema\/person\/725ce2d6dd2074103a0d758c5a090eda\",\"name\":\"Sophie Proust\",\"image\":{\"@type\":\"ImageObject\",\"inLanguage\":\"fr-FR\",\"@id\":\"https:\/\/www.sophie-proust.fr\/#\/schema\/person\/image\/\",\"url\":\"https:\/\/www.sophie-proust.fr\/wp-content\/uploads\/2023\/11\/Sophie-Proust-logo-v13_logo-v04-72pp.png\",\"contentUrl\":\"https:\/\/www.sophie-proust.fr\/wp-content\/uploads\/2023\/11\/Sophie-Proust-logo-v13_logo-v04-72pp.png\",\"width\":1021,\"height\":1022,\"caption\":\"Sophie Proust\"},\"logo\":{\"@id\":\"https:\/\/www.sophie-proust.fr\/#\/schema\/person\/image\/\"},\"sameAs\":[\"https:\/\/www.sophie-proust.fr\"]}]}<\/script>\n<!-- \/ Yoast SEO plugin. -->","yoast_head_json":{"title":"Mission compl\u00e8te - Sophie Proust","robots":{"index":"index","follow":"follow","max-snippet":"max-snippet:-1","max-image-preview":"max-image-preview:large","max-video-preview":"max-video-preview:-1"},"canonical":"https:\/\/www.sophie-proust.fr\/index.php\/mission-complete\/","og_locale":"fr_FR","og_type":"article","og_title":"Mission compl\u00e8te - Sophie Proust","og_url":"https:\/\/www.sophie-proust.fr\/index.php\/mission-complete\/","og_site_name":"Sophie Proust","article_modified_time":"2024-01-29T10:49:26+00:00","twitter_card":"summary_large_image","twitter_misc":{"Dur\u00e9e de lecture estim\u00e9e":"14 minutes"},"schema":{"@context":"https:\/\/schema.org","@graph":[{"@type":"WebPage","@id":"https:\/\/www.sophie-proust.fr\/index.php\/mission-complete\/","url":"https:\/\/www.sophie-proust.fr\/index.php\/mission-complete\/","name":"Mission compl\u00e8te - Sophie Proust","isPartOf":{"@id":"https:\/\/www.sophie-proust.fr\/#website"},"datePublished":"2023-12-12T15:52:16+00:00","dateModified":"2024-01-29T10:49:26+00:00","breadcrumb":{"@id":"https:\/\/www.sophie-proust.fr\/index.php\/mission-complete\/#breadcrumb"},"inLanguage":"fr-FR","potentialAction":[{"@type":"ReadAction","target":["https:\/\/www.sophie-proust.fr\/index.php\/mission-complete\/"]}]},{"@type":"BreadcrumbList","@id":"https:\/\/www.sophie-proust.fr\/index.php\/mission-complete\/#breadcrumb","itemListElement":[{"@type":"ListItem","position":1,"name":"Accueil","item":"https:\/\/www.sophie-proust.fr\/"},{"@type":"ListItem","position":2,"name":"Mission compl\u00e8te"}]},{"@type":"WebSite","@id":"https:\/\/www.sophie-proust.fr\/#website","url":"https:\/\/www.sophie-proust.fr\/","name":"Sophie Proust","description":"architecte d&#039;int\u00e9rieur - Angoul\u00eame, Cognac, Charente","publisher":{"@id":"https:\/\/www.sophie-proust.fr\/#\/schema\/person\/725ce2d6dd2074103a0d758c5a090eda"},"potentialAction":[{"@type":"SearchAction","target":{"@type":"EntryPoint","urlTemplate":"https:\/\/www.sophie-proust.fr\/?s={search_term_string}"},"query-input":{"@type":"PropertyValueSpecification","valueRequired":true,"valueName":"search_term_string"}}],"inLanguage":"fr-FR"},{"@type":["Person","Organization"],"@id":"https:\/\/www.sophie-proust.fr\/#\/schema\/person\/725ce2d6dd2074103a0d758c5a090eda","name":"Sophie Proust","image":{"@type":"ImageObject","inLanguage":"fr-FR","@id":"https:\/\/www.sophie-proust.fr\/#\/schema\/person\/image\/","url":"https:\/\/www.sophie-proust.fr\/wp-content\/uploads\/2023\/11\/Sophie-Proust-logo-v13_logo-v04-72pp.png","contentUrl":"https:\/\/www.sophie-proust.fr\/wp-content\/uploads\/2023\/11\/Sophie-Proust-logo-v13_logo-v04-72pp.png","width":1021,"height":1022,"caption":"Sophie Proust"},"logo":{"@id":"https:\/\/www.sophie-proust.fr\/#\/schema\/person\/image\/"},"sameAs":["https:\/\/www.sophie-proust.fr"]}]}},"_links":{"self":[{"href":"https:\/\/www.sophie-proust.fr\/index.php\/wp-json\/wp\/v2\/pages\/1227","targetHints":{"allow":["GET"]}}],"collection":[{"href":"https:\/\/www.sophie-proust.fr\/index.php\/wp-json\/wp\/v2\/pages"}],"about":[{"href":"https:\/\/www.sophie-proust.fr\/index.php\/wp-json\/wp\/v2\/types\/page"}],"author":[{"embeddable":true,"href":"https:\/\/www.sophie-proust.fr\/index.php\/wp-json\/wp\/v2\/users\/1"}],"replies":[{"embeddable":true,"href":"https:\/\/www.sophie-proust.fr\/index.php\/wp-json\/wp\/v2\/comments?post=1227"}],"version-history":[{"count":19,"href":"https:\/\/www.sophie-proust.fr\/index.php\/wp-json\/wp\/v2\/pages\/1227\/revisions"}],"predecessor-version":[{"id":1623,"href":"https:\/\/www.sophie-proust.fr\/index.php\/wp-json\/wp\/v2\/pages\/1227\/revisions\/1623"}],"wp:attachment":[{"href":"https:\/\/www.sophie-proust.fr\/index.php\/wp-json\/wp\/v2\/media?parent=1227"}],"curies":[{"name":"wp","href":"https:\/\/api.w.org\/{rel}","templated":true}]}}